{"id":692,"date":"2023-07-26T10:43:05","date_gmt":"2023-07-26T07:43:05","guid":{"rendered":"https:\/\/saaremaarally.eu\/for-the-locals\/"},"modified":"2025-10-07T15:39:44","modified_gmt":"2025-10-07T12:39:44","slug":"for-the-locals","status":"publish","type":"page","link":"https:\/\/saaremaarally.eu\/en\/for-the-locals\/","title":{"rendered":"For locals"},"content":{"rendered":"\t\t<div data-elementor-type=\"wp-page\" data-elementor-id=\"692\" class=\"elementor elementor-692 elementor-121\" data-elementor-post-type=\"page\">\n\t\t\t\t\t\t<section class=\"elementor-section elementor-top-section elementor-element elementor-element-1f73a89b elementor-section-boxed elementor-section-height-default elementor-section-height-default\" data-id=\"1f73a89b\" data-element_type=\"section\" data-e-type=\"section\">\n\t\t\t\t\t\t<div class=\"elementor-container elementor-column-gap-default\">\n\t\t\t\t\t<div class=\"elementor-column elementor-col-100 elementor-top-column elementor-element elementor-element-1c5972e1\" data-id=\"1c5972e1\" data-element_type=\"column\" data-e-type=\"column\">\n\t\t\t<div class=\"elementor-widget-wrap elementor-element-populated\">\n\t\t\t\t\t\t<div class=\"elementor-element elementor-element-ee7704a elementor-widget elementor-widget-heading\" data-id=\"ee7704a\" data-element_type=\"widget\" data-e-type=\"widget\" data-widget_type=\"heading.default\">\n\t\t\t\t<div class=\"elementor-widget-container\">\n\t\t\t\t\t<h2 class=\"elementor-heading-title elementor-size-default\">INFO FOR THE LOCALS<\/h2>\t\t\t\t<\/div>\n\t\t\t\t<\/div>\n\t\t\t\t\t<\/div>\n\t\t<\/div>\n\t\t\t\t\t<\/div>\n\t\t<\/section>\n\t\t\t\t<section class=\"elementor-section elementor-top-section elementor-element elementor-element-33afc71e elementor-section-boxed elementor-section-height-default elementor-section-height-default\" data-id=\"33afc71e\" data-element_type=\"section\" data-e-type=\"section\">\n\t\t\t\t\t\t<div class=\"elementor-container elementor-column-gap-default\">\n\t\t\t\t\t<div class=\"elementor-column elementor-col-100 elementor-top-column elementor-element elementor-element-11ec388e\" data-id=\"11ec388e\" data-element_type=\"column\" data-e-type=\"column\">\n\t\t\t<div class=\"elementor-widget-wrap elementor-element-populated\">\n\t\t\t\t\t\t<div class=\"elementor-element elementor-element-33ff1b48 elementor-widget elementor-widget-heading\" data-id=\"33ff1b48\" data-element_type=\"widget\" data-e-type=\"widget\" data-widget_type=\"heading.default\">\n\t\t\t\t<div class=\"elementor-widget-container\">\n\t\t\t\t\t<h2 class=\"elementor-heading-title elementor-size-default\">To see the road closures, please press the link below:<\/h2>\t\t\t\t<\/div>\n\t\t\t\t<\/div>\n\t\t\t\t<div class=\"elementor-element elementor-element-62145aa4 elementor-widget elementor-widget-toggle\" data-id=\"62145aa4\" data-element_type=\"widget\" data-e-type=\"widget\" data-widget_type=\"toggle.default\">\n\t\t\t\t<div class=\"elementor-widget-container\">\n\t\t\t\t\t\t\t<div class=\"elementor-toggle\">\n\t\t\t\t\t\t\t<div class=\"elementor-toggle-item\">\n\t\t\t\t\t<div id=\"elementor-tab-title-1641\" class=\"elementor-tab-title\" data-tab=\"1\" role=\"button\" aria-controls=\"elementor-tab-content-1641\" aria-expanded=\"false\">\n\t\t\t\t\t\t\t\t\t\t\t\t<span class=\"elementor-toggle-icon elementor-toggle-icon-left\" aria-hidden=\"true\">\n\t\t\t\t\t\t\t\t\t\t\t\t\t\t\t<span class=\"elementor-toggle-icon-closed\"><i class=\"fas fa-caret-right\"><\/i><\/span>\n\t\t\t\t\t\t\t\t<span class=\"elementor-toggle-icon-opened\"><i class=\"elementor-toggle-icon-opened fas fa-caret-up\"><\/i><\/span>\n\t\t\t\t\t\t\t\t\t\t\t\t\t<\/span>\n\t\t\t\t\t\t\t\t\t\t\t\t<a class=\"elementor-toggle-title\" tabindex=\"0\">METSK\u00dcLA DISTRICT, 10.10.2025<\/a>\n\t\t\t\t\t<\/div>\n\n\t\t\t\t\t<div id=\"elementor-tab-content-1641\" class=\"elementor-tab-content elementor-clearfix\" data-tab=\"1\" role=\"region\" aria-labelledby=\"elementor-tab-title-1641\"><p><strong>Road closures:<\/strong> 17:10 &#8211; 21:10<\/p>\n<p><strong>Roads that will be closed for the public:<\/strong><br \/>Laugu-Nurme, Laugu road, Liki road, Peederga forest road, Parasmetsa-Metsk\u00fcla, Rauna road.<\/p>\n<p><a href=\"https:\/\/saaremaarally.eu\/wp-content\/uploads\/2025\/09\/Saaremaa-ralli-2025_Laugu.pdf\" target=\"_blank\" rel=\"noopener\"><span style=\"color: #1f8da6;\"><strong>EXACT TRAFFIC PLAN<\/strong><\/span><\/a><\/p>\n<\/div>\n\t\t\t\t<\/div>\n\t\t\t\t\t\t\t<div class=\"elementor-toggle-item\">\n\t\t\t\t\t<div id=\"elementor-tab-title-1642\" class=\"elementor-tab-title\" data-tab=\"2\" role=\"button\" aria-controls=\"elementor-tab-content-1642\" aria-expanded=\"false\">\n\t\t\t\t\t\t\t\t\t\t\t\t<span class=\"elementor-toggle-icon elementor-toggle-icon-left\" aria-hidden=\"true\">\n\t\t\t\t\t\t\t\t\t\t\t\t\t\t\t<span class=\"elementor-toggle-icon-closed\"><i class=\"fas fa-caret-right\"><\/i><\/span>\n\t\t\t\t\t\t\t\t<span class=\"elementor-toggle-icon-opened\"><i class=\"elementor-toggle-icon-opened fas fa-caret-up\"><\/i><\/span>\n\t\t\t\t\t\t\t\t\t\t\t\t\t<\/span>\n\t\t\t\t\t\t\t\t\t\t\t\t<a class=\"elementor-toggle-title\" tabindex=\"0\">PAATSA DISTRICT, 10.10.2025<\/a>\n\t\t\t\t\t<\/div>\n\n\t\t\t\t\t<div id=\"elementor-tab-content-1642\" class=\"elementor-tab-content elementor-clearfix\" data-tab=\"2\" role=\"region\" aria-labelledby=\"elementor-tab-title-1642\"><p><strong>Road closures:<\/strong> 17:50 &#8211; 21:50<\/p>\n<p><strong>Roads that will be closed for the public:<\/strong><br \/>Orissaare-Leisi-Mustjala tee, Paatsa-Tuiu tee.<\/p>\n<p><a href=\"https:\/\/saaremaarally.eu\/wp-content\/uploads\/2025\/09\/Saaremaa-ralli-2025_Paatsa.pdf\" target=\"_blank\" rel=\"noopener\"><span style=\"color: #1f8da6;\"><strong>EXACT TRAFFIC PLAN<\/strong><\/span><\/a><\/p>\n<\/div>\n\t\t\t\t<\/div>\n\t\t\t\t\t\t\t<div class=\"elementor-toggle-item\">\n\t\t\t\t\t<div id=\"elementor-tab-title-1643\" class=\"elementor-tab-title\" data-tab=\"3\" role=\"button\" aria-controls=\"elementor-tab-content-1643\" aria-expanded=\"false\">\n\t\t\t\t\t\t\t\t\t\t\t\t<span class=\"elementor-toggle-icon elementor-toggle-icon-left\" aria-hidden=\"true\">\n\t\t\t\t\t\t\t\t\t\t\t\t\t\t\t<span class=\"elementor-toggle-icon-closed\"><i class=\"fas fa-caret-right\"><\/i><\/span>\n\t\t\t\t\t\t\t\t<span class=\"elementor-toggle-icon-opened\"><i class=\"elementor-toggle-icon-opened fas fa-caret-up\"><\/i><\/span>\n\t\t\t\t\t\t\t\t\t\t\t\t\t<\/span>\n\t\t\t\t\t\t\t\t\t\t\t\t<a class=\"elementor-toggle-title\" tabindex=\"0\">KURESSAARE DISTRICT, 10.10.2025<\/a>\n\t\t\t\t\t<\/div>\n\n\t\t\t\t\t<div id=\"elementor-tab-content-1643\" class=\"elementor-tab-content elementor-clearfix\" data-tab=\"3\" role=\"region\" aria-labelledby=\"elementor-tab-title-1643\"><p><strong>Road closed:<\/strong> 19:00 &#8211; 23:25<\/p>\n<p><strong>Roads that will be closed for the public:<\/strong><br \/>T\u00f6\u00f6 street, Abaja street, Veski street, Allee street, Uus-Roomassaare street.<\/p>\n<p><a href=\"https:\/\/saaremaarally.eu\/wp-content\/uploads\/2025\/09\/Saaremaa-ralli-2025_Kuressaare.pdf\" target=\"_blank\" rel=\"noopener\"><span style=\"color: #1f8da6;\"><strong>EXACT TRAFFIC PLAN<\/strong><\/span><\/a><\/p>\n<\/div>\n\t\t\t\t<\/div>\n\t\t\t\t\t\t\t<div class=\"elementor-toggle-item\">\n\t\t\t\t\t<div id=\"elementor-tab-title-1644\" class=\"elementor-tab-title\" data-tab=\"4\" role=\"button\" aria-controls=\"elementor-tab-content-1644\" aria-expanded=\"false\">\n\t\t\t\t\t\t\t\t\t\t\t\t<span class=\"elementor-toggle-icon elementor-toggle-icon-left\" aria-hidden=\"true\">\n\t\t\t\t\t\t\t\t\t\t\t\t\t\t\t<span class=\"elementor-toggle-icon-closed\"><i class=\"fas fa-caret-right\"><\/i><\/span>\n\t\t\t\t\t\t\t\t<span class=\"elementor-toggle-icon-opened\"><i class=\"elementor-toggle-icon-opened fas fa-caret-up\"><\/i><\/span>\n\t\t\t\t\t\t\t\t\t\t\t\t\t<\/span>\n\t\t\t\t\t\t\t\t\t\t\t\t<a class=\"elementor-toggle-title\" tabindex=\"0\">UNDVA DISTRICT, 11.10.2025<\/a>\n\t\t\t\t\t<\/div>\n\n\t\t\t\t\t<div id=\"elementor-tab-content-1644\" class=\"elementor-tab-content elementor-clearfix\" data-tab=\"4\" role=\"region\" aria-labelledby=\"elementor-tab-title-1644\"><p><strong>Road closures: <\/strong>07:15 &#8211; 14:30<\/p>\n<p><strong>Roads that will be closed for the public:<\/strong><br \/>Undva-Neeme-Kuralase-Kalmu, Tagam\u00f5isa-K\u00f5ruse, K\u00f5ruse-Harilaiu, K\u00f5ruse kordoni road, Kurevere-Harila.<\/p>\n<p><a href=\"https:\/\/saaremaarally.eu\/wp-content\/uploads\/2025\/09\/Saaremaa-ralli-2025_Kurevere.pdf\" target=\"_blank\" rel=\"noopener\"><span style=\"color: #1f8da6;\"><strong>EXACT TRAFFIC PLAN<\/strong><\/span><\/a><\/p>\n<\/div>\n\t\t\t\t<\/div>\n\t\t\t\t\t\t\t<div class=\"elementor-toggle-item\">\n\t\t\t\t\t<div id=\"elementor-tab-title-1645\" class=\"elementor-tab-title\" data-tab=\"5\" role=\"button\" aria-controls=\"elementor-tab-content-1645\" aria-expanded=\"false\">\n\t\t\t\t\t\t\t\t\t\t\t\t<span class=\"elementor-toggle-icon elementor-toggle-icon-left\" aria-hidden=\"true\">\n\t\t\t\t\t\t\t\t\t\t\t\t\t\t\t<span class=\"elementor-toggle-icon-closed\"><i class=\"fas fa-caret-right\"><\/i><\/span>\n\t\t\t\t\t\t\t\t<span class=\"elementor-toggle-icon-opened\"><i class=\"elementor-toggle-icon-opened fas fa-caret-up\"><\/i><\/span>\n\t\t\t\t\t\t\t\t\t\t\t\t\t<\/span>\n\t\t\t\t\t\t\t\t\t\t\t\t<a class=\"elementor-toggle-title\" tabindex=\"0\">ATLA\/LEEDRI DISTRICT, 11.10.2025<\/a>\n\t\t\t\t\t<\/div>\n\n\t\t\t\t\t<div id=\"elementor-tab-content-1645\" class=\"elementor-tab-content elementor-clearfix\" data-tab=\"5\" role=\"region\" aria-labelledby=\"elementor-tab-title-1645\"><p><strong>Road closures:<\/strong> 08:15 &#8211; 12:15<\/p>\n<p><strong>Roads that will be closed for the public:<\/strong><br \/>M\u00e4nniku-Vahva, Karala-Atla tee.<\/p>\n<p><a href=\"https:\/\/saaremaarally.eu\/wp-content\/uploads\/2025\/09\/Saaremaa-ralli-2025_Leedri.pdf\" target=\"_blank\" rel=\"noopener\"><span style=\"color: #1f8da6;\"><strong>EXACT TRAFFIC PLAN<\/strong><\/span><\/a><\/p>\n<\/div>\n\t\t\t\t<\/div>\n\t\t\t\t\t\t\t<div class=\"elementor-toggle-item\">\n\t\t\t\t\t<div id=\"elementor-tab-title-1646\" class=\"elementor-tab-title\" data-tab=\"6\" role=\"button\" aria-controls=\"elementor-tab-content-1646\" aria-expanded=\"false\">\n\t\t\t\t\t\t\t\t\t\t\t\t<span class=\"elementor-toggle-icon elementor-toggle-icon-left\" aria-hidden=\"true\">\n\t\t\t\t\t\t\t\t\t\t\t\t\t\t\t<span class=\"elementor-toggle-icon-closed\"><i class=\"fas fa-caret-right\"><\/i><\/span>\n\t\t\t\t\t\t\t\t<span class=\"elementor-toggle-icon-opened\"><i class=\"elementor-toggle-icon-opened fas fa-caret-up\"><\/i><\/span>\n\t\t\t\t\t\t\t\t\t\t\t\t\t<\/span>\n\t\t\t\t\t\t\t\t\t\t\t\t<a class=\"elementor-toggle-title\" tabindex=\"0\">KOIMLA DISTRICT, 11.10.2025<\/a>\n\t\t\t\t\t<\/div>\n\n\t\t\t\t\t<div id=\"elementor-tab-content-1646\" class=\"elementor-tab-content elementor-clearfix\" data-tab=\"6\" role=\"region\" aria-labelledby=\"elementor-tab-title-1646\"><p><strong>Road closures:<\/strong> 11:45 &#8211; 18:35<\/p>\n<p><strong>Roads that will be closed for the public:<\/strong><br \/>Sake-Koimla, Kotlandi-Koki road, Kotlandi-T\u00f5numa, Mustjala-Kihelkonna-Tehumardi road, Taritu-Kotlandi.<\/p>\n<p><a href=\"https:\/\/saaremaarally.eu\/wp-content\/uploads\/2025\/09\/Saaremaa-ralli-2025_Koimla.pdf\" target=\"_blank\" rel=\"noopener\"><span style=\"color: #1f8da6;\"><strong>EXACT TRAFFIC PLAN<\/strong><\/span><\/a><\/p>\n<\/div>\n\t\t\t\t<\/div>\n\t\t\t\t\t\t\t<div class=\"elementor-toggle-item\">\n\t\t\t\t\t<div id=\"elementor-tab-title-1647\" class=\"elementor-tab-title\" data-tab=\"7\" role=\"button\" aria-controls=\"elementor-tab-content-1647\" aria-expanded=\"false\">\n\t\t\t\t\t\t\t\t\t\t\t\t<span class=\"elementor-toggle-icon elementor-toggle-icon-left\" aria-hidden=\"true\">\n\t\t\t\t\t\t\t\t\t\t\t\t\t\t\t<span class=\"elementor-toggle-icon-closed\"><i class=\"fas fa-caret-right\"><\/i><\/span>\n\t\t\t\t\t\t\t\t<span class=\"elementor-toggle-icon-opened\"><i class=\"elementor-toggle-icon-opened fas fa-caret-up\"><\/i><\/span>\n\t\t\t\t\t\t\t\t\t\t\t\t\t<\/span>\n\t\t\t\t\t\t\t\t\t\t\t\t<a class=\"elementor-toggle-title\" tabindex=\"0\">KAUGATOMA DISTRICT, 11.10.2025<\/a>\n\t\t\t\t\t<\/div>\n\n\t\t\t\t\t<div id=\"elementor-tab-content-1647\" class=\"elementor-tab-content elementor-clearfix\" data-tab=\"7\" role=\"region\" aria-labelledby=\"elementor-tab-title-1647\"><p><strong>Road closed:<\/strong> 12:10 &#8211; 19:00<\/p>\n<p><strong>Roads that will be closed for the public:<\/strong><br \/>L\u00f5mala-Kaugatoma tee, L\u00e4\u00e4tsa-J\u00e4maja-S\u00e4\u00e4re-M\u00e4ebe tee.<\/p>\n<p><a href=\"https:\/\/saaremaarally.eu\/wp-content\/uploads\/2025\/09\/Saaremaa-ralli-2025_Toomalouka.pdf\" target=\"_blank\" rel=\"noopener\"><span style=\"color: #1f8da6;\"><strong>EXACT TRAFFIC PLAN<\/strong><\/span><\/a><\/p>\n<\/div>\n\t\t\t\t<\/div>\n\t\t\t\t\t\t\t\t<\/div>\n\t\t\t\t\t\t<\/div>\n\t\t\t\t<\/div>\n\t\t\t\t\t<\/div>\n\t\t<\/div>\n\t\t\t\t\t<\/div>\n\t\t<\/section>\n\t\t\t\t<section class=\"elementor-section elementor-top-section elementor-element elementor-element-3078b18d elementor-section-boxed elementor-section-height-default elementor-section-height-default\" data-id=\"3078b18d\" data-element_type=\"section\" data-e-type=\"section\">\n\t\t\t\t\t\t<div class=\"elementor-container elementor-column-gap-default\">\n\t\t\t\t\t<div class=\"elementor-column elementor-col-50 elementor-top-column elementor-element elementor-element-78eb299\" data-id=\"78eb299\" data-element_type=\"column\" data-e-type=\"column\">\n\t\t\t<div class=\"elementor-widget-wrap elementor-element-populated\">\n\t\t\t\t\t\t<div class=\"elementor-element elementor-element-10dd0d8 elementor-align-justify elementor-mobile-align-justify elementor-widget elementor-widget-button\" data-id=\"10dd0d8\" data-element_type=\"widget\" data-e-type=\"widget\" data-widget_type=\"button.default\">\n\t\t\t\t<div class=\"elementor-widget-container\">\n\t\t\t\t\t\t\t\t\t<div class=\"elementor-button-wrapper\">\n\t\t\t\t\t<a class=\"elementor-button elementor-button-link elementor-size-md\" href=\"https:\/\/saaremaarally.eu\/en\/maps-2025\/\">\n\t\t\t\t\t\t<span class=\"elementor-button-content-wrapper\">\n\t\t\t\t\t\t\t\t\t<span class=\"elementor-button-text\">MAPS OF THE SPECIAL STAGES 2025<\/span>\n\t\t\t\t\t<\/span>\n\t\t\t\t\t<\/a>\n\t\t\t\t<\/div>\n\t\t\t\t\t\t\t\t<\/div>\n\t\t\t\t<\/div>\n\t\t\t\t\t<\/div>\n\t\t<\/div>\n\t\t\t\t<div class=\"elementor-column elementor-col-50 elementor-top-column elementor-element elementor-element-4b7e1ec\" data-id=\"4b7e1ec\" data-element_type=\"column\" data-e-type=\"column\">\n\t\t\t<div class=\"elementor-widget-wrap elementor-element-populated\">\n\t\t\t\t\t\t<div class=\"elementor-element elementor-element-b16c538 elementor-align-justify elementor-mobile-align-justify elementor-widget elementor-widget-button\" data-id=\"b16c538\" data-element_type=\"widget\" data-e-type=\"widget\" data-widget_type=\"button.default\">\n\t\t\t\t<div class=\"elementor-widget-container\">\n\t\t\t\t\t\t\t\t\t<div class=\"elementor-button-wrapper\">\n\t\t\t\t\t<a class=\"elementor-button elementor-button-link elementor-size-md\" href=\"https:\/\/saaremaarally.eu\/en\/ticket-information\/\">\n\t\t\t\t\t\t<span class=\"elementor-button-content-wrapper\">\n\t\t\t\t\t\t\t\t\t<span class=\"elementor-button-text\">TICKET INFO<\/span>\n\t\t\t\t\t<\/span>\n\t\t\t\t\t<\/a>\n\t\t\t\t<\/div>\n\t\t\t\t\t\t\t\t<\/div>\n\t\t\t\t<\/div>\n\t\t\t\t\t<\/div>\n\t\t<\/div>\n\t\t\t\t\t<\/div>\n\t\t<\/section>\n\t\t\t\t<section class=\"elementor-section elementor-top-section elementor-element elementor-element-61dd4689 elementor-section-boxed elementor-section-height-default elementor-section-height-default\" data-id=\"61dd4689\" data-element_type=\"section\" data-e-type=\"section\">\n\t\t\t\t\t\t<div class=\"elementor-container elementor-column-gap-default\">\n\t\t\t\t\t<div class=\"elementor-column elementor-col-100 elementor-top-column elementor-element elementor-element-1141c3a6\" data-id=\"1141c3a6\" data-element_type=\"column\" data-e-type=\"column\">\n\t\t\t<div class=\"elementor-widget-wrap elementor-element-populated\">\n\t\t\t\t\t\t<div class=\"elementor-element elementor-element-72a6b300 elementor-widget elementor-widget-text-editor\" data-id=\"72a6b300\" data-element_type=\"widget\" data-e-type=\"widget\" data-widget_type=\"text-editor.default\">\n\t\t\t\t<div class=\"elementor-widget-container\">\n\t\t\t\t\t\t\t\t\t<p><strong>Restrictions of the road closures:<\/strong><\/p><p>On the roads that are pointed out above will be held Estonian Rally Championship&#8217;s last event &#8211; Saaremaa Rally 2023. Due to the competition, there will be several road closures during the times that are pointed out above for the everyday traffic. The organizer ensures access to operational vehicles providing assistance (rescue agency, ambulance and fire brigade), access is also guaranteed if, for example, a fire brigade vehicle needs to bring extinguishing water.<\/p><p><strong>What if I absolutely need to get out of the home or go to home?<\/strong><\/p><p>In this case, please contact with the first safety marshal as soon as possible and tell him about your concern. The safety marshal will contact with the race control using a radio transmitter, and then, if necessary and possible, the Special Stage will be stopped. We ask for the understanding and acceptance of all parties here.<\/p><p><strong>Are the roads repaired after the rally?<\/strong><\/p><p>The organizer of the rally organizes the maintenance and, if necessary, repairs of the road as soon as possible, or right after the competition is over and the weather conditions are favorable for the execution of the works.<\/p><p><strong>Is there anything else I should know?<\/strong><\/p><p>If you have any pets, please make sure that you care of them during the competition to ensure that the animal does not get on the competition route or pose a danger to the spectators.<\/p><p><strong>Can I have a home cafe in my garden during the races to treat rally spectators?<\/strong><\/p><p>The organizer of the Saaremaa Rally welcomes idea if a local resident wants to offer their products from their own garden or baked goods to the rally spectators. Feel free to let us know about it, then we can communicate it more widely (rally@saaremaarally.eu).<\/p><p><strong>If I live next to the Special Stage, do I also need to buy a ticket for myself?<\/strong><\/p><p>All residents who live in the immediate vicinity of the test do not need to purchase a ticket! Thank you for allowing us to host one of the most popular motorsport event in the region on your home roads.<\/p><p><strong>Saaremaa Rally is organized by:<\/strong><\/p><p>SAAREMAA RALLI MT\u00dc<br>Reg. kood: 80429510<br>Aadress: Arhiivi tn 12, Kuressaare linn, Saaremaa vald, Saare maakond, 93815<br>Tel. <a href=\"tel:+3725262039\">+372 526 2039<\/a><br>E-post: <a href=\"mailto:rally@saaremaarally.eu\">rally@saaremaarally.eu<\/a> <\/p>\t\t\t\t\t\t\t\t<\/div>\n\t\t\t\t<\/div>\n\t\t\t\t\t<\/div>\n\t\t<\/div>\n\t\t\t\t\t<\/div>\n\t\t<\/section>\n\t\t\t\t<\/div>\n\t\t","protected":false},"excerpt":{"rendered":"<p>INFO FOR THE LOCALS To see the road closures, please press the link below: METSK\u00dcLA DISTRICT, 10.10.2025 Road closures: 17:10 &#8211; 21:10 Roads that will be closed for the public:Laugu-Nurme, Laugu road, Liki road, Peederga forest road, Parasmetsa-Metsk\u00fcla, Rauna road. EXACT TRAFFIC PLAN PAATSA DISTRICT, 10.10.2025 Road closures: 17:50 &#8211; 21:50 Roads that will be [&hellip;]<\/p>\n","protected":false},"author":1,"featured_media":0,"parent":0,"menu_order":0,"comment_status":"closed","ping_status":"closed","template":"","meta":{"site-sidebar-layout":"no-sidebar","site-content-layout":"page-builder","ast-site-content-layout":"full-width-container","site-content-style":"unboxed","site-sidebar-style":"unboxed","ast-global-header-display":"","ast-banner-title-visibility":"","ast-main-header-display":"","ast-hfb-above-header-display":"","ast-hfb-below-header-display":"","ast-hfb-mobile-header-display":"","site-post-title":"disabled","ast-breadcrumbs-content":"","ast-featured-img":"disabled","footer-sml-layout":"","ast-disable-related-posts":"","theme-transparent-header-meta":"","adv-header-id-meta":"","stick-header-meta":"","header-above-stick-meta":"","header-main-stick-meta":"","header-below-stick-meta":"","astra-migrate-meta-layouts":"default","ast-page-background-enabled":"default","ast-page-background-meta":{"desktop":{"background-color":"var(--ast-global-color-4)","background-image":"","background-repeat":"repeat","background-position":"center center","background-size":"auto","background-attachment":"scroll","background-type":"","background-media":"","overlay-type":"","overlay-color":"","overlay-opacity":"","overlay-gradient":""},"tablet":{"background-color":"","background-image":"","background-repeat":"repeat","background-position":"center center","background-size":"auto","background-attachment":"scroll","background-type":"","background-media":"","overlay-type":"","overlay-color":"","overlay-opacity":"","overlay-gradient":""},"mobile":{"background-color":"","background-image":"","background-repeat":"repeat","background-position":"center center","background-size":"auto","background-attachment":"scroll","background-type":"","background-media":"","overlay-type":"","overlay-color":"","overlay-opacity":"","overlay-gradient":""}},"ast-content-background-meta":{"desktop":{"background-color":"var(--ast-global-color-5)","background-image":"","background-repeat":"repeat","background-position":"center center","background-size":"auto","background-attachment":"scroll","background-type":"","background-media":"","overlay-type":"","overlay-color":"","overlay-opacity":"","overlay-gradient":""},"tablet":{"background-color":"var(--ast-global-color-5)","background-image":"","background-repeat":"repeat","background-position":"center center","background-size":"auto","background-attachment":"scroll","background-type":"","background-media":"","overlay-type":"","overlay-color":"","overlay-opacity":"","overlay-gradient":""},"mobile":{"background-color":"var(--ast-global-color-5)","background-image":"","background-repeat":"repeat","background-position":"center center","background-size":"auto","background-attachment":"scroll","background-type":"","background-media":"","overlay-type":"","overlay-color":"","overlay-opacity":"","overlay-gradient":""}},"footnotes":""},"class_list":["post-692","page","type-page","status-publish","hentry"],"jetpack_sharing_enabled":true,"_links":{"self":[{"href":"https:\/\/saaremaarally.eu\/en\/wp-json\/wp\/v2\/pages\/692","targetHints":{"allow":["GET"]}}],"collection":[{"href":"https:\/\/saaremaarally.eu\/en\/wp-json\/wp\/v2\/pages"}],"about":[{"href":"https:\/\/saaremaarally.eu\/en\/wp-json\/wp\/v2\/types\/page"}],"author":[{"embeddable":true,"href":"https:\/\/saaremaarally.eu\/en\/wp-json\/wp\/v2\/users\/1"}],"replies":[{"embeddable":true,"href":"https:\/\/saaremaarally.eu\/en\/wp-json\/wp\/v2\/comments?post=692"}],"version-history":[{"count":19,"href":"https:\/\/saaremaarally.eu\/en\/wp-json\/wp\/v2\/pages\/692\/revisions"}],"predecessor-version":[{"id":3114,"href":"https:\/\/saaremaarally.eu\/en\/wp-json\/wp\/v2\/pages\/692\/revisions\/3114"}],"wp:attachment":[{"href":"https:\/\/saaremaarally.eu\/en\/wp-json\/wp\/v2\/media?parent=692"}],"curies":[{"name":"wp","href":"https:\/\/api.w.org\/{rel}","templated":true}]}}